{"id":1981,"date":"2023-09-08T10:59:58","date_gmt":"2023-09-08T10:59:58","guid":{"rendered":"https:\/\/lacasaverda.com\/inici\/"},"modified":"2023-12-14T18:00:38","modified_gmt":"2023-12-14T18:00:38","slug":"inici","status":"publish","type":"page","link":"https:\/\/lacasaverda.com\/ca\/","title":{"rendered":"Inici"},"content":{"rendered":"\t\t<div data-elementor-type=\"wp-page\" data-elementor-id=\"1981\" class=\"elementor elementor-1981 elementor-1706\" data-elementor-post-type=\"page\">\n\t\t\t\t\t\t<section class=\"elementor-section elementor-inner-section elementor-element elementor-element-9a228ab elementor-section-boxed elementor-section-height-default elementor-section-height-default\" data-id=\"9a228ab\" data-element_type=\"section\" data-e-type=\"section\">\n\t\t\t\t\t\t<div class=\"elementor-container elementor-column-gap-default\">\n\t\t\t\t\t<div class=\"elementor-column elementor-col-100 elementor-inner-column elementor-element elementor-element-337e8f9\" data-id=\"337e8f9\" data-element_type=\"column\" data-e-type=\"column\" data-settings=\"{&quot;background_background&quot;:&quot;classic&quot;}\">\n\t\t\t<div class=\"elementor-widget-wrap elementor-element-populated\">\n\t\t\t\t\t\t<section class=\"elementor-section elementor-inner-section elementor-element elementor-element-291a779 elementor-section-boxed elementor-section-height-default elementor-section-height-default\" data-id=\"291a779\" data-element_type=\"section\" data-e-type=\"section\">\n\t\t\t\t\t\t<div class=\"elementor-container elementor-column-gap-no\">\n\t\t\t\t\t<div class=\"elementor-column elementor-col-50 elementor-inner-column elementor-element elementor-element-7e4bb5d\" data-id=\"7e4bb5d\" data-element_type=\"column\" data-e-type=\"column\" data-settings=\"{&quot;background_background&quot;:&quot;classic&quot;}\">\n\t\t\t<div class=\"elementor-widget-wrap elementor-element-populated\">\n\t\t\t\t\t\t<div class=\"elementor-element elementor-element-89148bd elementor-widget elementor-widget-heading\" data-id=\"89148bd\" data-element_type=\"widget\" data-e-type=\"widget\" data-widget_type=\"heading.default\">\n\t\t\t\t<div class=\"elementor-widget-container\">\n\t\t\t\t\t<h2 class=\"elementor-heading-title elementor-size-default\">No \u00e9s una casa, <br>\u00e9s <b>La Casa Verda<\/b>.<\/h2>\t\t\t\t<\/div>\n\t\t\t\t<\/div>\n\t\t\t\t<div class=\"elementor-element elementor-element-edfbf37 elementor-widget elementor-widget-text-editor\" data-id=\"edfbf37\" data-element_type=\"widget\" data-e-type=\"widget\" data-widget_type=\"text-editor.default\">\n\t\t\t\t<div class=\"elementor-widget-container\">\n\t\t\t\t\t\t\t\t\t<p>Un edifici constru\u00eft sobre la base de criteris de sostenibilitat, integraci\u00f3 i respecte.<\/p>\n\t\t\t\t\t\t\t\t<\/div>\n\t\t\t\t<\/div>\n\t\t\t\t<div class=\"elementor-element elementor-element-8310f89 elementor-widget elementor-widget-toggle\" data-id=\"8310f89\" data-element_type=\"widget\" data-e-type=\"widget\" data-widget_type=\"toggle.default\">\n\t\t\t\t<div class=\"elementor-widget-container\">\n\t\t\t\t\t\t\t<div class=\"elementor-toggle\">\n\t\t\t\t\t\t\t<div class=\"elementor-toggle-item\">\n\t\t\t\t\t<div id=\"elementor-tab-title-1371\" class=\"elementor-tab-title\" data-tab=\"1\" role=\"button\" aria-controls=\"elementor-tab-content-1371\" aria-expanded=\"false\">\n\t\t\t\t\t\t\t\t\t\t\t\t<span class=\"elementor-toggle-icon elementor-toggle-icon-left\" aria-hidden=\"true\">\n\t\t\t\t\t\t\t\t\t\t\t\t\t\t\t<span class=\"elementor-toggle-icon-closed\"><i class=\"fas fa-caret-right\"><\/i><\/span>\n\t\t\t\t\t\t\t\t<span class=\"elementor-toggle-icon-opened\"><i class=\"elementor-toggle-icon-opened fas fa-caret-up\"><\/i><\/span>\n\t\t\t\t\t\t\t\t\t\t\t\t\t<\/span>\n\t\t\t\t\t\t\t\t\t\t\t\t<a class=\"elementor-toggle-title\" tabindex=\"0\">Sostenibilitat<\/a>\n\t\t\t\t\t<\/div>\n\n\t\t\t\t\t<div id=\"elementor-tab-content-1371\" class=\"elementor-tab-content elementor-clearfix\" data-tab=\"1\" role=\"region\" aria-labelledby=\"elementor-tab-title-1371\"><p>La Casa Verda \u00e9s un edifici dissenyat per obtenir un <b>elevat aprofitament dels recursos naturals<\/b>.<\/p>\n<h6>El Sol \u2600\ufe0f<\/h6>\n<p>Fem servir la <b>llum solar<\/b> per alimentar els panells fotovoltaics instal\u00b7lats a la coberta. Tamb\u00e9 aprofitem la llum del sol per a la il\u00b7luminaci\u00f3 interior. Amb ella aconseguim il\u00b7luminar, amb llum natural, tant la planta principal com la planta inferior (totalment subterr\u00e0nia).<\/p>\n<h6>La pluja \ud83c\udf27\ufe0f<\/h6>\n<p>Les l\u00ednies org\u00e0niques del disseny exterior dibuixen arracades que permeten recollir gran part de l&#8217;<b>aigua de pluja<\/b> i emmagatzemar-la en un dip\u00f2sit subterrani. Una aigua que m\u00e9s tard ens serveix per al reg de totes les plantes i arbres que resideixen a La Casa Verda. De la mateixa manera, aquesta mateixa aigua de reg, la que no \u00e9s retinguda per la terra i\/o les plantes, \u00e9s de nou recuperada, emmagatzemada i llesta per a un nou \u00fas. Actualment <b>La Casa Verda s&#8217;autoabasteix amb la llum del sol i l&#8217;aigua de pluja<\/b>.<\/p>\n<\/div>\n\t\t\t\t<\/div>\n\t\t\t\t\t\t\t<div class=\"elementor-toggle-item\">\n\t\t\t\t\t<div id=\"elementor-tab-title-1372\" class=\"elementor-tab-title\" data-tab=\"2\" role=\"button\" aria-controls=\"elementor-tab-content-1372\" aria-expanded=\"false\">\n\t\t\t\t\t\t\t\t\t\t\t\t<span class=\"elementor-toggle-icon elementor-toggle-icon-left\" aria-hidden=\"true\">\n\t\t\t\t\t\t\t\t\t\t\t\t\t\t\t<span class=\"elementor-toggle-icon-closed\"><i class=\"fas fa-caret-right\"><\/i><\/span>\n\t\t\t\t\t\t\t\t<span class=\"elementor-toggle-icon-opened\"><i class=\"elementor-toggle-icon-opened fas fa-caret-up\"><\/i><\/span>\n\t\t\t\t\t\t\t\t\t\t\t\t\t<\/span>\n\t\t\t\t\t\t\t\t\t\t\t\t<a class=\"elementor-toggle-title\" tabindex=\"0\">Integraci\u00f3<\/a>\n\t\t\t\t\t<\/div>\n\n\t\t\t\t\t<div id=\"elementor-tab-content-1372\" class=\"elementor-tab-content elementor-clearfix\" data-tab=\"2\" role=\"region\" aria-labelledby=\"elementor-tab-title-1372\"><p>Des d&#8217;un principi, un dels principals prop\u00f2sits a l&#8217;hora de dissenyar i construir La Casa Verda, era intentar crear <b>un edifici que s&#8217;integr\u00e9s al seu entorn natural<\/b> (el Parc Natural de la zona volc\u00e0nica de la Garrotxa). No nom\u00e9s una simple integraci\u00f3 est\u00e8tica. Es va voler crear un <b>espai ple de vida<\/b>. Mantenint o fins i tot augmentant la biodiversitat que hi havia en el terreny abans d&#8217;iniciar les obres.<\/p>\n<h6>Roques volc\u00e0niques \ud83c\udf0b<\/h6>\n<p>Un dels elements caracter\u00edstics de La Casa Verda s\u00f3n les roques volc\u00e0niques. Les roques s&#8217;encarreguen de &#8216;vestir&#8217; i integrar les parets i gran part dels exteriors de l&#8217;edifici. Anteriorment, aquestes roques, exceptuant les m\u00e9s grans i la greda, van ser <b>extretes del propi terreny<\/b>. Per aix\u00f2, en fer-les servir, no nom\u00e9s aprofitem les seves propietats constructives, alhora, mostrem els &#8216;tresors&#8217; que s&#8217;ocultaven sota la mateixa terra on ara s&#8217;exhibeixen. Val a dir que per a nosaltres cada roca \u00e9s \u00fanica i de gran valor.<\/p>\n<h6>Vegetaci\u00f3 aut\u00f2ctona \ud83c\udf31<\/h6>\n<p>Aix\u00ed mateix, un altre element protagonista de La Casa Verda \u00e9s <b>la vegetaci\u00f3<\/b>. Com les roques, la vegetaci\u00f3 tamb\u00e9 la podem trobar a pr\u00e0cticament tots els racons de l&#8217;exterior de l&#8217;edifici. L&#8217;omplen de vida i del color verd que hi d\u00f3na nom. Entre la gran varietat de plantes que resideixen a l&#8217;edifici, la majoria <b>aut\u00f2ctones de la zona<\/b>, podem trobar tamb\u00e9 algunes arom\u00e0tiques com farigola, roman\u00ed, esp\u00edgol o menta que, a part de color i vida, tamb\u00e9 l&#8217;omplen d&#8217;<b>agradables frag\u00e0ncies<\/b>.<\/p>\n<h6>L\u00ednies org\u00e0niques \u3030\ufe0f<\/h6>\n<p>La coberta vegetal, una coberta que \u00e9s, alhora &#8216;\u00fatil&#8217; i f\u00e0cilment transitable, ha estat dissenyada amb <b>l\u00ednies org\u00e0niques<\/b>, les predominants a la natura. Per aquesta ra\u00f3, juntament amb l&#8217;\u00fas de roques volc\u00e0niques de la zona i de vegetaci\u00f3 aut\u00f2ctona, obtenim com a resultat una integraci\u00f3 m\u00e9s gran en el paisatge.<\/p>\n<\/div>\n\t\t\t\t<\/div>\n\t\t\t\t\t\t\t<div class=\"elementor-toggle-item\">\n\t\t\t\t\t<div id=\"elementor-tab-title-1373\" class=\"elementor-tab-title\" data-tab=\"3\" role=\"button\" aria-controls=\"elementor-tab-content-1373\" aria-expanded=\"false\">\n\t\t\t\t\t\t\t\t\t\t\t\t<span class=\"elementor-toggle-icon elementor-toggle-icon-left\" aria-hidden=\"true\">\n\t\t\t\t\t\t\t\t\t\t\t\t\t\t\t<span class=\"elementor-toggle-icon-closed\"><i class=\"fas fa-caret-right\"><\/i><\/span>\n\t\t\t\t\t\t\t\t<span class=\"elementor-toggle-icon-opened\"><i class=\"elementor-toggle-icon-opened fas fa-caret-up\"><\/i><\/span>\n\t\t\t\t\t\t\t\t\t\t\t\t\t<\/span>\n\t\t\t\t\t\t\t\t\t\t\t\t<a class=\"elementor-toggle-title\" tabindex=\"0\">Respecte<\/a>\n\t\t\t\t\t<\/div>\n\n\t\t\t\t\t<div id=\"elementor-tab-content-1373\" class=\"elementor-tab-content elementor-clearfix\" data-tab=\"3\" role=\"region\" aria-labelledby=\"elementor-tab-title-1373\"><p>A La Casa Verda intentem fomentar <b>el respecte i l&#8217;amor a la natura<\/b>. Ens agrada pensar que hem constru\u00eft un edifici amb el qu\u00e8 \u00e9s possible mostrar f\u00e0cilment els beneficis que es poden obtenir al <b>conviure amb la natura<\/b>.<\/p>\n<\/div>\n\t\t\t\t<\/div>\n\t\t\t\t\t\t\t\t<\/div>\n\t\t\t\t\t\t<\/div>\n\t\t\t\t<\/div>\n\t\t\t\t\t<\/div>\n\t\t<\/div>\n\t\t\t\t<div class=\"elementor-column elementor-col-50 elementor-inner-column elementor-element elementor-element-c1ef13c\" data-id=\"c1ef13c\" data-element_type=\"column\" data-e-type=\"column\">\n\t\t\t<div class=\"elementor-widget-wrap elementor-element-populated\">\n\t\t\t\t\t\t<div class=\"elementor-element elementor-element-82f9146 elementor--h-position-center elementor--v-position-middle elementor-arrows-position-inside elementor-pagination-position-inside elementor-widget elementor-widget-slides\" data-id=\"82f9146\" data-element_type=\"widget\" data-e-type=\"widget\" data-settings=\"{&quot;navigation&quot;:&quot;both&quot;,&quot;autoplay&quot;:&quot;yes&quot;,&quot;pause_on_hover&quot;:&quot;yes&quot;,&quot;pause_on_interaction&quot;:&quot;yes&quot;,&quot;autoplay_speed&quot;:5000,&quot;infinite&quot;:&quot;yes&quot;,&quot;transition&quot;:&quot;slide&quot;,&quot;transition_speed&quot;:500}\" data-widget_type=\"slides.default\">\n\t\t\t\t<div class=\"elementor-widget-container\">\n\t\t\t\t\t\t\t\t\t<div class=\"elementor-swiper\">\n\t\t\t\t\t<div class=\"elementor-slides-wrapper elementor-main-swiper swiper\" role=\"region\" aria-roledescription=\"carousel\" aria-label=\"Diapositives\" dir=\"ltr\" data-animation=\"fadeInUp\">\n\t\t\t\t<div class=\"swiper-wrapper elementor-slides\">\n\t\t\t\t\t\t\t\t\t\t<div class=\"elementor-repeater-item-d0181c4 swiper-slide\" role=\"group\" aria-roledescription=\"slide\"><div class=\"swiper-slide-bg\" role=\"img\" aria-label=\"La Casa Verda\"><\/div><div class=\"swiper-slide-inner\" ><div class=\"swiper-slide-contents\"><\/div><\/div><\/div><div class=\"elementor-repeater-item-4a503fe swiper-slide\" role=\"group\" aria-roledescription=\"slide\"><div class=\"swiper-slide-bg\" role=\"img\" aria-label=\"02\"><\/div><div class=\"swiper-slide-inner\" ><div class=\"swiper-slide-contents\"><\/div><\/div><\/div><div class=\"elementor-repeater-item-6cab0e7 swiper-slide\" role=\"group\" aria-roledescription=\"slide\"><div class=\"swiper-slide-bg\" role=\"img\" aria-label=\"Planta viva entre las rocas de La Casa Verda\"><\/div><div class=\"swiper-slide-inner\" ><div class=\"swiper-slide-contents\"><\/div><\/div><\/div><div class=\"elementor-repeater-item-a6c8206 swiper-slide\" role=\"group\" aria-roledescription=\"slide\"><div class=\"swiper-slide-bg\" role=\"img\" aria-label=\"Roca volcanica\"><\/div><div class=\"swiper-slide-inner\" ><div class=\"swiper-slide-contents\"><div class=\"elementor-slide-heading\">En vols m\u00e9s? \ud83d\udcf8<\/div><div class=\"elementor-slide-description\"><p>Pots trobar-nos a instagram<br \/>\n@lacasaverda.olot<\/p>\n<\/div><a href=\"https:\/\/www.instagram.com\/lacasaverda.olot\/\" class=\"elementor-button elementor-slide-button elementor-size-sm\">Instagram<\/a><\/div><\/div><\/div>\t\t\t\t<\/div>\n\t\t\t\t\t\t\t\t\t\t\t\t\t\t\t<div class=\"elementor-swiper-button elementor-swiper-button-prev\" role=\"button\" tabindex=\"0\" aria-label=\"Previous slide\">\n\t\t\t\t\t\t\t<i aria-hidden=\"true\" class=\"eicon-chevron-left\"><\/i>\t\t\t\t\t\t<\/div>\n\t\t\t\t\t\t<div class=\"elementor-swiper-button elementor-swiper-button-next\" role=\"button\" tabindex=\"0\" aria-label=\"Next slide\">\n\t\t\t\t\t\t\t<i aria-hidden=\"true\" class=\"eicon-chevron-right\"><\/i>\t\t\t\t\t\t<\/div>\n\t\t\t\t\t\t\t\t\t\t\t\t\t\t\t\t<div class=\"swiper-pagination\"><\/div>\n\t\t\t\t\t\t\t\t\t\t\t\t<\/div>\n\t\t\t\t<\/div>\n\t\t\t\t\t\t\t\t<\/div>\n\t\t\t\t<\/div>\n\t\t\t\t\t<\/div>\n\t\t<\/div>\n\t\t\t\t\t<\/div>\n\t\t<\/section>\n\t\t\t\t\t<\/div>\n\t\t<\/div>\n\t\t\t\t\t<\/div>\n\t\t<\/section>\n\t\t\t\t<\/div>\n\t\t","protected":false},"excerpt":{"rendered":"<p>No \u00e9s una casa, \u00e9s La Casa Verda. Un edifici constru\u00eft sobre la base de criteris de sostenibilitat, integraci\u00f3 i respecte. Sostenibilitat La Casa Verda \u00e9s un edifici dissenyat per [&hellip;]<\/p>\n","protected":false},"author":1,"featured_media":1861,"parent":0,"menu_order":0,"comment_status":"closed","ping_status":"closed","template":"elementor_header_footer","meta":{"site-sidebar-layout":"no-sidebar","site-content-layout":"page-builder","ast-site-content-layout":"default","site-content-style":"default","site-sidebar-style":"default","ast-global-header-display":"","ast-banner-title-visibility":"","ast-main-header-display":"","ast-hfb-above-header-display":"","ast-hfb-below-header-display":"","ast-hfb-mobile-header-display":"","site-post-title":"disabled","ast-breadcrumbs-content":"","ast-featured-img":"disabled","footer-sml-layout":"","ast-disable-related-posts":"","theme-transparent-header-meta":"","adv-header-id-meta":"","stick-header-meta":"","header-above-stick-meta":"","header-main-stick-meta":"","header-below-stick-meta":"","astra-migrate-meta-layouts":"default","ast-page-background-enabled":"default","ast-page-background-meta":{"desktop":{"background-color":"","background-image":"","background-repeat":"repeat","background-position":"center center","background-size":"auto","background-attachment":"scroll","background-type":"","background-media":"","overlay-type":"","overlay-color":"","overlay-opacity":"","overlay-gradient":""},"tablet":{"background-color":"","background-image":"","background-repeat":"repeat","background-position":"center center","background-size":"auto","background-attachment":"scroll","background-type":"","background-media":"","overlay-type":"","overlay-color":"","overlay-opacity":"","overlay-gradient":""},"mobile":{"background-color":"","background-image":"","background-repeat":"repeat","background-position":"center center","background-size":"auto","background-attachment":"scroll","background-type":"","background-media":"","overlay-type":"","overlay-color":"","overlay-opacity":"","overlay-gradient":""}},"ast-content-background-meta":{"desktop":{"background-color":"var(--ast-global-color-5)","background-image":"","background-repeat":"repeat","background-position":"center center","background-size":"auto","background-attachment":"scroll","background-type":"","background-media":"","overlay-type":"","overlay-color":"","overlay-opacity":"","overlay-gradient":""},"tablet":{"background-color":"var(--ast-global-color-5)","background-image":"","background-repeat":"repeat","background-position":"center center","background-size":"auto","background-attachment":"scroll","background-type":"","background-media":"","overlay-type":"","overlay-color":"","overlay-opacity":"","overlay-gradient":""},"mobile":{"background-color":"var(--ast-global-color-5)","background-image":"","background-repeat":"repeat","background-position":"center center","background-size":"auto","background-attachment":"scroll","background-type":"","background-media":"","overlay-type":"","overlay-color":"","overlay-opacity":"","overlay-gradient":""}},"_price":"","_stock":"","_tribe_ticket_header":"","_tribe_default_ticket_provider":"","_tribe_ticket_capacity":"0","_ticket_start_date":"","_ticket_end_date":"","_tribe_ticket_show_description":"","_tribe_ticket_show_not_going":false,"_tribe_ticket_use_global_stock":"","_tribe_ticket_global_stock_level":"","_global_stock_mode":"","_global_stock_cap":"","_tribe_rsvp_for_event":"","_tribe_ticket_going_count":"","_tribe_ticket_not_going_count":"","_tribe_tickets_list":"[]","_tribe_ticket_has_attendee_info_fields":false,"footnotes":"","_tec_slr_enabled":"","_tec_slr_layout":""},"class_list":["post-1981","page","type-page","status-publish","has-post-thumbnail","hentry"],"yoast_head":"<!-- This site is optimized with the Yoast SEO plugin v27.4 - https:\/\/yoast.com\/product\/yoast-seo-wordpress\/ -->\n<title>Inici - La Casa Verda \ud83c\udf31<\/title>\n<meta name=\"description\" content=\"La Casa Verda, un edifici constru\u00eft sobre la base de criteris de sostenibilitat, integraci\u00f3 i respecte. Autosuficient i ple de vida \ud83d\udc9a\" \/>\n<meta name=\"robots\" content=\"index, follow, max-snippet:-1, max-image-preview:large, max-video-preview:-1\" \/>\n<link rel=\"canonical\" href=\"https:\/\/lacasaverda.com\/\" \/>\n<meta property=\"og:locale\" content=\"ca_ES\" \/>\n<meta property=\"og:type\" content=\"article\" \/>\n<meta property=\"og:title\" content=\"Inici - La Casa Verda \ud83c\udf31\" \/>\n<meta property=\"og:description\" content=\"Un edifici constru\u00eft sobre la base de criteris de sostenibilitat, integraci\u00f3 i respecte.\" \/>\n<meta property=\"og:url\" content=\"https:\/\/lacasaverda.com\/\" \/>\n<meta property=\"og:site_name\" content=\"La Casa Verda\" \/>\n<meta property=\"article:modified_time\" content=\"2023-12-14T18:00:38+00:00\" \/>\n<meta property=\"og:image\" content=\"https:\/\/lacasaverda.com\/wp-content\/uploads\/2023\/09\/01.jpeg\" \/>\n\t<meta property=\"og:image:width\" content=\"1600\" \/>\n\t<meta property=\"og:image:height\" content=\"1200\" \/>\n\t<meta property=\"og:image:type\" content=\"image\/jpeg\" \/>\n<meta name=\"twitter:card\" content=\"summary_large_image\" \/>\n<meta name=\"twitter:title\" content=\"La Casa Verda (Olot)\" \/>\n<meta name=\"twitter:description\" content=\"Un edifici constru\u00eft sobre la base de criteris de sostenibilitat, integraci\u00f3 i respecte.\" \/>\n<meta name=\"twitter:label1\" content=\"Temps estimat de lectura\" \/>\n\t<meta name=\"twitter:data1\" content=\"3 minuts\" \/>\n<script type=\"application\/ld+json\" class=\"yoast-schema-graph\">{\"@context\":\"https:\\\/\\\/schema.org\",\"@graph\":[{\"@type\":\"WebPage\",\"@id\":\"https:\\\/\\\/lacasaverda.com\\\/\",\"url\":\"https:\\\/\\\/lacasaverda.com\\\/\",\"name\":\"Inici - La Casa Verda \ud83c\udf31\",\"isPartOf\":{\"@id\":\"https:\\\/\\\/lacasaverda.com\\\/#website\"},\"primaryImageOfPage\":{\"@id\":\"https:\\\/\\\/lacasaverda.com\\\/#primaryimage\"},\"image\":{\"@id\":\"https:\\\/\\\/lacasaverda.com\\\/#primaryimage\"},\"thumbnailUrl\":\"https:\\\/\\\/lacasaverda.com\\\/wp-content\\\/uploads\\\/2023\\\/09\\\/01.jpeg\",\"datePublished\":\"2023-09-08T10:59:58+00:00\",\"dateModified\":\"2023-12-14T18:00:38+00:00\",\"description\":\"La Casa Verda, un edifici constru\u00eft sobre la base de criteris de sostenibilitat, integraci\u00f3 i respecte. Autosuficient i ple de vida \ud83d\udc9a\",\"breadcrumb\":{\"@id\":\"https:\\\/\\\/lacasaverda.com\\\/#breadcrumb\"},\"inLanguage\":\"ca\",\"potentialAction\":[{\"@type\":\"ReadAction\",\"target\":[\"https:\\\/\\\/lacasaverda.com\\\/\"]}]},{\"@type\":\"ImageObject\",\"inLanguage\":\"ca\",\"@id\":\"https:\\\/\\\/lacasaverda.com\\\/#primaryimage\",\"url\":\"https:\\\/\\\/lacasaverda.com\\\/wp-content\\\/uploads\\\/2023\\\/09\\\/01.jpeg\",\"contentUrl\":\"https:\\\/\\\/lacasaverda.com\\\/wp-content\\\/uploads\\\/2023\\\/09\\\/01.jpeg\",\"width\":1600,\"height\":1200,\"caption\":\"Vista del exterior de La Casa Verda.\"},{\"@type\":\"BreadcrumbList\",\"@id\":\"https:\\\/\\\/lacasaverda.com\\\/#breadcrumb\",\"itemListElement\":[{\"@type\":\"ListItem\",\"position\":1,\"name\":\"Portada\",\"item\":\"https:\\\/\\\/lacasaverda.com\\\/\"},{\"@type\":\"ListItem\",\"position\":2,\"name\":\"Inici\"}]},{\"@type\":\"WebSite\",\"@id\":\"https:\\\/\\\/lacasaverda.com\\\/#website\",\"url\":\"https:\\\/\\\/lacasaverda.com\\\/\",\"name\":\"La Casa Verda\",\"description\":\"Inspired by Nature. Created for Nature.\",\"publisher\":{\"@id\":\"https:\\\/\\\/lacasaverda.com\\\/#organization\"},\"potentialAction\":[{\"@type\":\"SearchAction\",\"target\":{\"@type\":\"EntryPoint\",\"urlTemplate\":\"https:\\\/\\\/lacasaverda.com\\\/?s={search_term_string}\"},\"query-input\":{\"@type\":\"PropertyValueSpecification\",\"valueRequired\":true,\"valueName\":\"search_term_string\"}}],\"inLanguage\":\"ca\"},{\"@type\":\"Organization\",\"@id\":\"https:\\\/\\\/lacasaverda.com\\\/#organization\",\"name\":\"La Casa Verda\",\"url\":\"https:\\\/\\\/lacasaverda.com\\\/\",\"logo\":{\"@type\":\"ImageObject\",\"inLanguage\":\"ca\",\"@id\":\"https:\\\/\\\/lacasaverda.com\\\/#\\\/schema\\\/logo\\\/image\\\/\",\"url\":\"https:\\\/\\\/lacasaverda.com\\\/wp-content\\\/uploads\\\/2020\\\/02\\\/Logo-2020_Consulpi-sombra.png\",\"contentUrl\":\"https:\\\/\\\/lacasaverda.com\\\/wp-content\\\/uploads\\\/2020\\\/02\\\/Logo-2020_Consulpi-sombra.png\",\"width\":471,\"height\":155,\"caption\":\"La Casa Verda\"},\"image\":{\"@id\":\"https:\\\/\\\/lacasaverda.com\\\/#\\\/schema\\\/logo\\\/image\\\/\"}}]}<\/script>\n<!-- \/ Yoast SEO plugin. -->","yoast_head_json":{"title":"Inici - La Casa Verda \ud83c\udf31","description":"La Casa Verda, un edifici constru\u00eft sobre la base de criteris de sostenibilitat, integraci\u00f3 i respecte. Autosuficient i ple de vida \ud83d\udc9a","robots":{"index":"index","follow":"follow","max-snippet":"max-snippet:-1","max-image-preview":"max-image-preview:large","max-video-preview":"max-video-preview:-1"},"canonical":"https:\/\/lacasaverda.com\/","og_locale":"ca_ES","og_type":"article","og_title":"Inici - La Casa Verda \ud83c\udf31","og_description":"Un edifici constru\u00eft sobre la base de criteris de sostenibilitat, integraci\u00f3 i respecte.","og_url":"https:\/\/lacasaverda.com\/","og_site_name":"La Casa Verda","article_modified_time":"2023-12-14T18:00:38+00:00","og_image":[{"width":1600,"height":1200,"url":"https:\/\/lacasaverda.com\/wp-content\/uploads\/2023\/09\/01.jpeg","type":"image\/jpeg"}],"twitter_card":"summary_large_image","twitter_title":"La Casa Verda (Olot)","twitter_description":"Un edifici constru\u00eft sobre la base de criteris de sostenibilitat, integraci\u00f3 i respecte.","twitter_misc":{"Temps estimat de lectura":"3 minuts"},"schema":{"@context":"https:\/\/schema.org","@graph":[{"@type":"WebPage","@id":"https:\/\/lacasaverda.com\/","url":"https:\/\/lacasaverda.com\/","name":"Inici - La Casa Verda \ud83c\udf31","isPartOf":{"@id":"https:\/\/lacasaverda.com\/#website"},"primaryImageOfPage":{"@id":"https:\/\/lacasaverda.com\/#primaryimage"},"image":{"@id":"https:\/\/lacasaverda.com\/#primaryimage"},"thumbnailUrl":"https:\/\/lacasaverda.com\/wp-content\/uploads\/2023\/09\/01.jpeg","datePublished":"2023-09-08T10:59:58+00:00","dateModified":"2023-12-14T18:00:38+00:00","description":"La Casa Verda, un edifici constru\u00eft sobre la base de criteris de sostenibilitat, integraci\u00f3 i respecte. Autosuficient i ple de vida \ud83d\udc9a","breadcrumb":{"@id":"https:\/\/lacasaverda.com\/#breadcrumb"},"inLanguage":"ca","potentialAction":[{"@type":"ReadAction","target":["https:\/\/lacasaverda.com\/"]}]},{"@type":"ImageObject","inLanguage":"ca","@id":"https:\/\/lacasaverda.com\/#primaryimage","url":"https:\/\/lacasaverda.com\/wp-content\/uploads\/2023\/09\/01.jpeg","contentUrl":"https:\/\/lacasaverda.com\/wp-content\/uploads\/2023\/09\/01.jpeg","width":1600,"height":1200,"caption":"Vista del exterior de La Casa Verda."},{"@type":"BreadcrumbList","@id":"https:\/\/lacasaverda.com\/#breadcrumb","itemListElement":[{"@type":"ListItem","position":1,"name":"Portada","item":"https:\/\/lacasaverda.com\/"},{"@type":"ListItem","position":2,"name":"Inici"}]},{"@type":"WebSite","@id":"https:\/\/lacasaverda.com\/#website","url":"https:\/\/lacasaverda.com\/","name":"La Casa Verda","description":"Inspired by Nature. Created for Nature.","publisher":{"@id":"https:\/\/lacasaverda.com\/#organization"},"potentialAction":[{"@type":"SearchAction","target":{"@type":"EntryPoint","urlTemplate":"https:\/\/lacasaverda.com\/?s={search_term_string}"},"query-input":{"@type":"PropertyValueSpecification","valueRequired":true,"valueName":"search_term_string"}}],"inLanguage":"ca"},{"@type":"Organization","@id":"https:\/\/lacasaverda.com\/#organization","name":"La Casa Verda","url":"https:\/\/lacasaverda.com\/","logo":{"@type":"ImageObject","inLanguage":"ca","@id":"https:\/\/lacasaverda.com\/#\/schema\/logo\/image\/","url":"https:\/\/lacasaverda.com\/wp-content\/uploads\/2020\/02\/Logo-2020_Consulpi-sombra.png","contentUrl":"https:\/\/lacasaverda.com\/wp-content\/uploads\/2020\/02\/Logo-2020_Consulpi-sombra.png","width":471,"height":155,"caption":"La Casa Verda"},"image":{"@id":"https:\/\/lacasaverda.com\/#\/schema\/logo\/image\/"}}]}},"ticketed":false,"_links":{"self":[{"href":"https:\/\/lacasaverda.com\/ca\/wp-json\/wp\/v2\/pages\/1981","targetHints":{"allow":["GET"]}}],"collection":[{"href":"https:\/\/lacasaverda.com\/ca\/wp-json\/wp\/v2\/pages"}],"about":[{"href":"https:\/\/lacasaverda.com\/ca\/wp-json\/wp\/v2\/types\/page"}],"author":[{"embeddable":true,"href":"https:\/\/lacasaverda.com\/ca\/wp-json\/wp\/v2\/users\/1"}],"replies":[{"embeddable":true,"href":"https:\/\/lacasaverda.com\/ca\/wp-json\/wp\/v2\/comments?post=1981"}],"version-history":[{"count":12,"href":"https:\/\/lacasaverda.com\/ca\/wp-json\/wp\/v2\/pages\/1981\/revisions"}],"predecessor-version":[{"id":2153,"href":"https:\/\/lacasaverda.com\/ca\/wp-json\/wp\/v2\/pages\/1981\/revisions\/2153"}],"wp:featuredmedia":[{"embeddable":true,"href":"https:\/\/lacasaverda.com\/ca\/wp-json\/wp\/v2\/media\/1861"}],"wp:attachment":[{"href":"https:\/\/lacasaverda.com\/ca\/wp-json\/wp\/v2\/media?parent=1981"}],"curies":[{"name":"wp","href":"https:\/\/api.w.org\/{rel}","templated":true}]}}