{"id":2040,"date":"2023-09-13T12:45:04","date_gmt":"2023-09-13T12:45:04","guid":{"rendered":"https:\/\/lacasaverda.com\/politica-de-privacitat\/"},"modified":"2023-09-14T13:13:41","modified_gmt":"2023-09-14T13:13:41","slug":"politica-de-privacitat","status":"publish","type":"page","link":"https:\/\/lacasaverda.com\/ca\/politica-de-privacitat\/","title":{"rendered":"Pol\u00edtica de privacitat"},"content":{"rendered":"\t\t<div data-elementor-type=\"wp-page\" data-elementor-id=\"2040\" class=\"elementor elementor-2040 elementor-2017\" data-elementor-post-type=\"page\">\n\t\t\t\t\t\t<section class=\"elementor-section elementor-top-section elementor-element elementor-element-7e9e4d3a elementor-section-boxed elementor-section-height-default elementor-section-height-default\" data-id=\"7e9e4d3a\" data-element_type=\"section\" data-e-type=\"section\" data-settings=\"{&quot;background_background&quot;:&quot;classic&quot;}\">\n\t\t\t\t\t\t<div class=\"elementor-container elementor-column-gap-default\">\n\t\t\t\t\t<div class=\"elementor-column elementor-col-100 elementor-top-column elementor-element elementor-element-37a2a9d0\" data-id=\"37a2a9d0\" data-element_type=\"column\" data-e-type=\"column\">\n\t\t\t<div class=\"elementor-widget-wrap elementor-element-populated\">\n\t\t\t\t\t\t<div class=\"elementor-element elementor-element-d958403 elementor-widget elementor-widget-heading\" data-id=\"d958403\" data-element_type=\"widget\" data-e-type=\"widget\" data-widget_type=\"heading.default\">\n\t\t\t\t<div class=\"elementor-widget-container\">\n\t\t\t\t\t<h2 class=\"elementor-heading-title elementor-size-default\">Pol\u00edtica de Privacitat<\/h2>\t\t\t\t<\/div>\n\t\t\t\t<\/div>\n\t\t\t\t<div class=\"elementor-element elementor-element-16d7f1ba elementor-widget__width-initial elementor-widget elementor-widget-text-editor\" data-id=\"16d7f1ba\" data-element_type=\"widget\" data-e-type=\"widget\" data-widget_type=\"text-editor.default\">\n\t\t\t\t<div class=\"elementor-widget-container\">\n\t\t\t\t\t\t\t\t\t<div>\n<p><b>Dades del responsable del fitxer<\/b><span style=\"color: var( --e-global-color-secondary ); background-color: var(--ast-global-color-5);\"> <\/span><\/p>\n<ul>\n<li><b>Identitat<\/b>: La Casa Verda, SC &#8211; CIF: J55080584<\/li>\n<li><b>Adre\u00e7a<\/b>: Av. Circumval\u00b7laci\u00f3, 43, 17811 &#8211; Santa Pau (GIRONA)<\/li>\n<li><b>Tel\u00e8fon<\/b>: 972 270 240<\/li>\n<li><b>Email<\/b>: info@lacasaverda.com<\/li>\n<\/ul>\n<\/div>\n<p>A trav\u00e9s d&#8217;aquest lloc web no es demanen dades de car\u00e0cter personal de les persones usu\u00e0ries sense el seu coneixement, ni se cedeixen a tercers.<\/p>\n<p>Amb la finalitat d&#8217;oferir-vos el millor servei i amb l&#8217;objectiu de facilitar-ne l&#8217;\u00fas, s&#8217;analitzen el nombre de p\u00e0gines visitades, el nombre de visites, aix\u00ed com l&#8217;activitat de les persones visitants i la seva freq\u00fc\u00e8ncia d&#8217;utilitzaci\u00f3. A aquest efecte, els responsables del web de La Casa Verda utilitzen la informaci\u00f3 estad\u00edstica elaborada pel prove\u00efdor de serveis d&#8217;internet.<\/p>\n<p>lacasaverda.com no utilitza cookies per recollir informaci\u00f3 de les persones usu\u00e0ries, ni registra les adreces IP d&#8217;acc\u00e9s. \u00danicament s&#8217;utilitzen cookies pr\u00f2pies, de sessi\u00f3, amb finalitat t\u00e8cnica (aquelles que permeten la navegaci\u00f3 a trav\u00e9s del lloc web i la utilitzaci\u00f3 de les diferents opcions i serveis que hi existeixen).<\/p>\n<p><b>Informaci\u00f3 b\u00e0sica sobre protecci\u00f3 de dades<\/b><\/p>\n<p>A continuaci\u00f3 us informem sobre la pol\u00edtica de protecci\u00f3 de dades de La Casa Verda.<\/p>\n<p><b>Responsable del tractament<\/b><\/p>\n<p>Les dades de car\u00e0cter personal que es poguessin aconseguir directament de la persona interessada seran tractades de forma confidencial i quedaran incorporades a la corresponent activitat de tractament titularitat de La Casa Verda, SC.<\/p>\n<p><b>Finalitat<\/b><\/p>\n<p>La finalitat del tractament de les dades correspon a cadascuna de les activitats de tractament que realitza La Casa Verda, SC (atendre dubtes o suggeriments rebuts o q\u00fcestions d&#8217;\u00edndole similar que ens arriben a trav\u00e9s del correu electr\u00f2nic o mitjan\u00e7ant el formulari de contacte).<\/p>\n<p><b>Conservaci\u00f3 de dades<\/b><\/p>\n<p>Les dades personals proporcionades es conservaran durant el temps necessari per complir amb la finalitat per a la qual es demanen i per determinar les possibles responsabilitats que es poguessin derivar de la finalitat, a m\u00e9s dels per\u00edodes establerts a la normativa d&#8217;arxius i documentaci\u00f3.<\/p>\n<p><b>Comunicaci\u00f3 de dades<\/b><\/p>\n<p>Amb car\u00e0cter general no es comunicaran les dades personals a tercers, excepte obligaci\u00f3 legal, entre les quals poden estar les comunicacions al Defensor del Poble, Jutges i Tribunals, persones interessades en els procediments relacionats amb les reclamacions presentades.<\/p>\n<p><b>Drets de les persones interessades<\/b><\/p>\n<p>Per sol\u00b7licitar l&#8217;acc\u00e9s, la rectificaci\u00f3, supressi\u00f3 o limitaci\u00f3 del tractament de les dades personals o a oposar-se al tractament, en el cas que es donin els requisits establerts al Reglament General de Protecci\u00f3 de Dades, aix\u00ed com a la Llei Org\u00e0nica 3\/2018, de 5 de desembre, de Protecci\u00f3 de Dades Personal i garantia dels drets digitals, podeu adre\u00e7ar un escrit a La Casa Verda, SC, Av. Circumval\u00b7laci\u00f3, 43, 17811 Santa Pau (Gerona) o a trav\u00e9s del correu info@lacasaverda.com<\/p>\n\t\t\t\t\t\t\t\t<\/div>\n\t\t\t\t<\/div>\n\t\t\t\t\t<\/div>\n\t\t<\/div>\n\t\t\t\t\t<\/div>\n\t\t<\/section>\n\t\t\t\t<\/div>\n\t\t","protected":false},"excerpt":{"rendered":"<p>Pol\u00edtica de Privacitat Dades del responsable del fitxer Identitat: La Casa Verda, SC &#8211; CIF: J55080584 Adre\u00e7a: Av. Circumval\u00b7laci\u00f3, 43, 17811 &#8211; Santa Pau (GIRONA) Tel\u00e8fon: 972 270 240 Email: [&hellip;]<\/p>\n","protected":false},"author":1,"featured_media":0,"parent":0,"menu_order":0,"comment_status":"closed","ping_status":"closed","template":"","meta":{"site-sidebar-layout":"default","site-content-layout":"","ast-site-content-layout":"default","site-content-style":"default","site-sidebar-style":"default","ast-global-header-display":"","ast-banner-title-visibility":"","ast-main-header-display":"","ast-hfb-above-header-display":"","ast-hfb-below-header-display":"","ast-hfb-mobile-header-display":"","site-post-title":"","ast-breadcrumbs-content":"","ast-featured-img":"","footer-sml-layout":"","ast-disable-related-posts":"","theme-transparent-header-meta":"","adv-header-id-meta":"","stick-header-meta":"","header-above-stick-meta":"","header-main-stick-meta":"","header-below-stick-meta":"","astra-migrate-meta-layouts":"default","ast-page-background-enabled":"default","ast-page-background-meta":{"desktop":{"background-color":"","background-image":"","background-repeat":"repeat","background-position":"center center","background-size":"auto","background-attachment":"scroll","background-type":"","background-media":"","overlay-type":"","overlay-color":"","overlay-opacity":"","overlay-gradient":""},"tablet":{"background-color":"","background-image":"","background-repeat":"repeat","background-position":"center center","background-size":"auto","background-attachment":"scroll","background-type":"","background-media":"","overlay-type":"","overlay-color":"","overlay-opacity":"","overlay-gradient":""},"mobile":{"background-color":"","background-image":"","background-repeat":"repeat","background-position":"center center","background-size":"auto","background-attachment":"scroll","background-type":"","background-media":"","overlay-type":"","overlay-color":"","overlay-opacity":"","overlay-gradient":""}},"ast-content-background-meta":{"desktop":{"background-color":"var(--ast-global-color-5)","background-image":"","background-repeat":"repeat","background-position":"center center","background-size":"auto","background-attachment":"scroll","background-type":"","background-media":"","overlay-type":"","overlay-color":"","overlay-opacity":"","overlay-gradient":""},"tablet":{"background-color":"var(--ast-global-color-5)","background-image":"","background-repeat":"repeat","background-position":"center center","background-size":"auto","background-attachment":"scroll","background-type":"","background-media":"","overlay-type":"","overlay-color":"","overlay-opacity":"","overlay-gradient":""},"mobile":{"background-color":"var(--ast-global-color-5)","background-image":"","background-repeat":"repeat","background-position":"center center","background-size":"auto","background-attachment":"scroll","background-type":"","background-media":"","overlay-type":"","overlay-color":"","overlay-opacity":"","overlay-gradient":""}},"_price":"","_stock":"","_tribe_ticket_header":"","_tribe_default_ticket_provider":"","_tribe_ticket_capacity":"0","_ticket_start_date":"","_ticket_end_date":"","_tribe_ticket_show_description":"","_tribe_ticket_show_not_going":false,"_tribe_ticket_use_global_stock":"","_tribe_ticket_global_stock_level":"","_global_stock_mode":"","_global_stock_cap":"","_tribe_rsvp_for_event":"","_tribe_ticket_going_count":"","_tribe_ticket_not_going_count":"","_tribe_tickets_list":"[]","_tribe_ticket_has_attendee_info_fields":false,"footnotes":"","_tec_slr_enabled":"","_tec_slr_layout":""},"class_list":["post-2040","page","type-page","status-publish","hentry"],"yoast_head":"<!-- This site is optimized with the Yoast SEO plugin v27.4 - https:\/\/yoast.com\/product\/yoast-seo-wordpress\/ -->\n<title>Pol\u00edtica de privacitat - La Casa Verda<\/title>\n<meta name=\"robots\" content=\"index, follow, max-snippet:-1, max-image-preview:large, max-video-preview:-1\" \/>\n<link rel=\"canonical\" href=\"https:\/\/lacasaverda.com\/ca\/politica-de-privacitat\/\" \/>\n<meta property=\"og:locale\" content=\"ca_ES\" \/>\n<meta property=\"og:type\" content=\"article\" \/>\n<meta property=\"og:title\" content=\"Pol\u00edtica de privacitat - La Casa Verda\" \/>\n<meta property=\"og:description\" content=\"Pol\u00edtica de Privacitat Dades del responsable del fitxer Identitat: La Casa Verda, SC &#8211; CIF: J55080584 Adre\u00e7a: Av. Circumval\u00b7laci\u00f3, 43, 17811 &#8211; Santa Pau (GIRONA) Tel\u00e8fon: 972 270 240 Email: [&hellip;]\" \/>\n<meta property=\"og:url\" content=\"https:\/\/lacasaverda.com\/ca\/politica-de-privacitat\/\" \/>\n<meta property=\"og:site_name\" content=\"La Casa Verda\" \/>\n<meta property=\"article:modified_time\" content=\"2023-09-14T13:13:41+00:00\" \/>\n<meta name=\"twitter:card\" content=\"summary_large_image\" \/>\n<meta name=\"twitter:label1\" content=\"Temps estimat de lectura\" \/>\n\t<meta name=\"twitter:data1\" content=\"2 minuts\" \/>\n<script type=\"application\/ld+json\" class=\"yoast-schema-graph\">{\"@context\":\"https:\\\/\\\/schema.org\",\"@graph\":[{\"@type\":\"WebPage\",\"@id\":\"https:\\\/\\\/lacasaverda.com\\\/ca\\\/politica-de-privacitat\\\/\",\"url\":\"https:\\\/\\\/lacasaverda.com\\\/ca\\\/politica-de-privacitat\\\/\",\"name\":\"Pol\u00edtica de privacitat - La Casa Verda\",\"isPartOf\":{\"@id\":\"https:\\\/\\\/lacasaverda.com\\\/#website\"},\"datePublished\":\"2023-09-13T12:45:04+00:00\",\"dateModified\":\"2023-09-14T13:13:41+00:00\",\"breadcrumb\":{\"@id\":\"https:\\\/\\\/lacasaverda.com\\\/ca\\\/politica-de-privacitat\\\/#breadcrumb\"},\"inLanguage\":\"ca\",\"potentialAction\":[{\"@type\":\"ReadAction\",\"target\":[\"https:\\\/\\\/lacasaverda.com\\\/ca\\\/politica-de-privacitat\\\/\"]}]},{\"@type\":\"BreadcrumbList\",\"@id\":\"https:\\\/\\\/lacasaverda.com\\\/ca\\\/politica-de-privacitat\\\/#breadcrumb\",\"itemListElement\":[{\"@type\":\"ListItem\",\"position\":1,\"name\":\"Portada\",\"item\":\"https:\\\/\\\/lacasaverda.com\\\/\"},{\"@type\":\"ListItem\",\"position\":2,\"name\":\"Pol\u00edtica de privacitat\"}]},{\"@type\":\"WebSite\",\"@id\":\"https:\\\/\\\/lacasaverda.com\\\/#website\",\"url\":\"https:\\\/\\\/lacasaverda.com\\\/\",\"name\":\"La Casa Verda\",\"description\":\"Inspired by Nature. Created for Nature.\",\"publisher\":{\"@id\":\"https:\\\/\\\/lacasaverda.com\\\/#organization\"},\"potentialAction\":[{\"@type\":\"SearchAction\",\"target\":{\"@type\":\"EntryPoint\",\"urlTemplate\":\"https:\\\/\\\/lacasaverda.com\\\/?s={search_term_string}\"},\"query-input\":{\"@type\":\"PropertyValueSpecification\",\"valueRequired\":true,\"valueName\":\"search_term_string\"}}],\"inLanguage\":\"ca\"},{\"@type\":\"Organization\",\"@id\":\"https:\\\/\\\/lacasaverda.com\\\/#organization\",\"name\":\"La Casa Verda\",\"url\":\"https:\\\/\\\/lacasaverda.com\\\/\",\"logo\":{\"@type\":\"ImageObject\",\"inLanguage\":\"ca\",\"@id\":\"https:\\\/\\\/lacasaverda.com\\\/#\\\/schema\\\/logo\\\/image\\\/\",\"url\":\"https:\\\/\\\/lacasaverda.com\\\/wp-content\\\/uploads\\\/2020\\\/02\\\/Logo-2020_Consulpi-sombra.png\",\"contentUrl\":\"https:\\\/\\\/lacasaverda.com\\\/wp-content\\\/uploads\\\/2020\\\/02\\\/Logo-2020_Consulpi-sombra.png\",\"width\":471,\"height\":155,\"caption\":\"La Casa Verda\"},\"image\":{\"@id\":\"https:\\\/\\\/lacasaverda.com\\\/#\\\/schema\\\/logo\\\/image\\\/\"}}]}<\/script>\n<!-- \/ Yoast SEO plugin. -->","yoast_head_json":{"title":"Pol\u00edtica de privacitat - La Casa Verda","robots":{"index":"index","follow":"follow","max-snippet":"max-snippet:-1","max-image-preview":"max-image-preview:large","max-video-preview":"max-video-preview:-1"},"canonical":"https:\/\/lacasaverda.com\/ca\/politica-de-privacitat\/","og_locale":"ca_ES","og_type":"article","og_title":"Pol\u00edtica de privacitat - La Casa Verda","og_description":"Pol\u00edtica de Privacitat Dades del responsable del fitxer Identitat: La Casa Verda, SC &#8211; CIF: J55080584 Adre\u00e7a: Av. Circumval\u00b7laci\u00f3, 43, 17811 &#8211; Santa Pau (GIRONA) Tel\u00e8fon: 972 270 240 Email: [&hellip;]","og_url":"https:\/\/lacasaverda.com\/ca\/politica-de-privacitat\/","og_site_name":"La Casa Verda","article_modified_time":"2023-09-14T13:13:41+00:00","twitter_card":"summary_large_image","twitter_misc":{"Temps estimat de lectura":"2 minuts"},"schema":{"@context":"https:\/\/schema.org","@graph":[{"@type":"WebPage","@id":"https:\/\/lacasaverda.com\/ca\/politica-de-privacitat\/","url":"https:\/\/lacasaverda.com\/ca\/politica-de-privacitat\/","name":"Pol\u00edtica de privacitat - La Casa Verda","isPartOf":{"@id":"https:\/\/lacasaverda.com\/#website"},"datePublished":"2023-09-13T12:45:04+00:00","dateModified":"2023-09-14T13:13:41+00:00","breadcrumb":{"@id":"https:\/\/lacasaverda.com\/ca\/politica-de-privacitat\/#breadcrumb"},"inLanguage":"ca","potentialAction":[{"@type":"ReadAction","target":["https:\/\/lacasaverda.com\/ca\/politica-de-privacitat\/"]}]},{"@type":"BreadcrumbList","@id":"https:\/\/lacasaverda.com\/ca\/politica-de-privacitat\/#breadcrumb","itemListElement":[{"@type":"ListItem","position":1,"name":"Portada","item":"https:\/\/lacasaverda.com\/"},{"@type":"ListItem","position":2,"name":"Pol\u00edtica de privacitat"}]},{"@type":"WebSite","@id":"https:\/\/lacasaverda.com\/#website","url":"https:\/\/lacasaverda.com\/","name":"La Casa Verda","description":"Inspired by Nature. Created for Nature.","publisher":{"@id":"https:\/\/lacasaverda.com\/#organization"},"potentialAction":[{"@type":"SearchAction","target":{"@type":"EntryPoint","urlTemplate":"https:\/\/lacasaverda.com\/?s={search_term_string}"},"query-input":{"@type":"PropertyValueSpecification","valueRequired":true,"valueName":"search_term_string"}}],"inLanguage":"ca"},{"@type":"Organization","@id":"https:\/\/lacasaverda.com\/#organization","name":"La Casa Verda","url":"https:\/\/lacasaverda.com\/","logo":{"@type":"ImageObject","inLanguage":"ca","@id":"https:\/\/lacasaverda.com\/#\/schema\/logo\/image\/","url":"https:\/\/lacasaverda.com\/wp-content\/uploads\/2020\/02\/Logo-2020_Consulpi-sombra.png","contentUrl":"https:\/\/lacasaverda.com\/wp-content\/uploads\/2020\/02\/Logo-2020_Consulpi-sombra.png","width":471,"height":155,"caption":"La Casa Verda"},"image":{"@id":"https:\/\/lacasaverda.com\/#\/schema\/logo\/image\/"}}]}},"ticketed":false,"_links":{"self":[{"href":"https:\/\/lacasaverda.com\/ca\/wp-json\/wp\/v2\/pages\/2040","targetHints":{"allow":["GET"]}}],"collection":[{"href":"https:\/\/lacasaverda.com\/ca\/wp-json\/wp\/v2\/pages"}],"about":[{"href":"https:\/\/lacasaverda.com\/ca\/wp-json\/wp\/v2\/types\/page"}],"author":[{"embeddable":true,"href":"https:\/\/lacasaverda.com\/ca\/wp-json\/wp\/v2\/users\/1"}],"replies":[{"embeddable":true,"href":"https:\/\/lacasaverda.com\/ca\/wp-json\/wp\/v2\/comments?post=2040"}],"version-history":[{"count":2,"href":"https:\/\/lacasaverda.com\/ca\/wp-json\/wp\/v2\/pages\/2040\/revisions"}],"predecessor-version":[{"id":2068,"href":"https:\/\/lacasaverda.com\/ca\/wp-json\/wp\/v2\/pages\/2040\/revisions\/2068"}],"wp:attachment":[{"href":"https:\/\/lacasaverda.com\/ca\/wp-json\/wp\/v2\/media?parent=2040"}],"curies":[{"name":"wp","href":"https:\/\/api.w.org\/{rel}","templated":true}]}}